{"id":1447,"date":"2023-10-03T09:41:56","date_gmt":"2023-10-03T07:41:56","guid":{"rendered":"https:\/\/www.monasteriodeleyre.com\/?post_type=product&#038;p=1447"},"modified":"2023-10-03T10:05:16","modified_gmt":"2023-10-03T08:05:16","slug":"regla-de-los-monjes-mini","status":"publish","type":"product","link":"https:\/\/www.monasteriodeleyre.com\/it\/prodotto\/regla-de-los-monjes-mini\/","title":{"rendered":"REGLA DE LOS MONJES (MINI)"},"content":{"rendered":"<p>Traducci\u00f3n y edici\u00f3n Norberto N\u00fa\u00f1ez O.S.B.<\/p>","protected":false},"excerpt":{"rendered":"<p>Traducci\u00f3n y edici\u00f3n Norberto N\u00fa\u00f1ez O.S.B.<\/p>","protected":false},"featured_media":1448,"template":"","meta":{"_acf_changed":false},"product_brand":[],"product_cat":[35],"product_tag":[],"class_list":{"0":"post-1447","1":"product","2":"type-product","3":"status-publish","4":"has-post-thumbnail","6":"product_cat-libros","8":"first","9":"instock","10":"shipping-taxable","11":"purchasable","12":"product-type-simple"},"acf":[],"_links":{"self":[{"href":"https:\/\/www.monasteriodeleyre.com\/it\/wp-json\/wp\/v2\/product\/1447","targetHints":{"allow":["GET"]}}],"collection":[{"href":"https:\/\/www.monasteriodeleyre.com\/it\/wp-json\/wp\/v2\/product"}],"about":[{"href":"https:\/\/www.monasteriodeleyre.com\/it\/wp-json\/wp\/v2\/types\/product"}],"wp:featuredmedia":[{"embeddable":true,"href":"https:\/\/www.monasteriodeleyre.com\/it\/wp-json\/wp\/v2\/media\/1448"}],"wp:attachment":[{"href":"https:\/\/www.monasteriodeleyre.com\/it\/wp-json\/wp\/v2\/media?parent=1447"}],"wp:term":[{"taxonomy":"product_brand","embeddable":true,"href":"https:\/\/www.monasteriodeleyre.com\/it\/wp-json\/wp\/v2\/product_brand?post=1447"},{"taxonomy":"product_cat","embeddable":true,"href":"https:\/\/www.monasteriodeleyre.com\/it\/wp-json\/wp\/v2\/product_cat?post=1447"},{"taxonomy":"product_tag","embeddable":true,"href":"https:\/\/www.monasteriodeleyre.com\/it\/wp-json\/wp\/v2\/product_tag?post=1447"}],"curies":[{"name":"wp","href":"https:\/\/api.w.org\/{rel}","templated":true}]}}