{"id":1285,"date":"2023-07-20T14:05:39","date_gmt":"2023-07-20T12:05:39","guid":{"rendered":"https:\/\/www.monasteriodeleyre.com\/producto\/regla-san-benito\/"},"modified":"2023-10-03T09:39:11","modified_gmt":"2023-10-03T07:39:11","slug":"regla-san-benito","status":"publish","type":"product","link":"https:\/\/www.monasteriodeleyre.com\/en\/product\/regla-san-benito\/","title":{"rendered":"REGLA DE SAN BENITO"},"content":{"rendered":"","protected":false},"excerpt":{"rendered":"<p>Versi\u00f3n Lu\u00eds M. P\u00e9rez O.S.B. Editorial Abad\u00eda de San Salvador de Leyre<\/p>","protected":false},"featured_media":1446,"template":"","meta":{"_acf_changed":false},"product_brand":[],"product_cat":[35],"product_tag":[],"class_list":{"0":"post-1285","1":"product","2":"type-product","3":"status-publish","4":"has-post-thumbnail","6":"product_cat-libros","8":"first","9":"instock","10":"purchasable","11":"product-type-simple"},"acf":[],"_links":{"self":[{"href":"https:\/\/www.monasteriodeleyre.com\/en\/wp-json\/wp\/v2\/product\/1285","targetHints":{"allow":["GET"]}}],"collection":[{"href":"https:\/\/www.monasteriodeleyre.com\/en\/wp-json\/wp\/v2\/product"}],"about":[{"href":"https:\/\/www.monasteriodeleyre.com\/en\/wp-json\/wp\/v2\/types\/product"}],"wp:featuredmedia":[{"embeddable":true,"href":"https:\/\/www.monasteriodeleyre.com\/en\/wp-json\/wp\/v2\/media\/1446"}],"wp:attachment":[{"href":"https:\/\/www.monasteriodeleyre.com\/en\/wp-json\/wp\/v2\/media?parent=1285"}],"wp:term":[{"taxonomy":"product_brand","embeddable":true,"href":"https:\/\/www.monasteriodeleyre.com\/en\/wp-json\/wp\/v2\/product_brand?post=1285"},{"taxonomy":"product_cat","embeddable":true,"href":"https:\/\/www.monasteriodeleyre.com\/en\/wp-json\/wp\/v2\/product_cat?post=1285"},{"taxonomy":"product_tag","embeddable":true,"href":"https:\/\/www.monasteriodeleyre.com\/en\/wp-json\/wp\/v2\/product_tag?post=1285"}],"curies":[{"name":"wp","href":"https:\/\/api.w.org\/{rel}","templated":true}]}}